{"id":346,"date":"2019-05-26T09:04:39","date_gmt":"2019-05-26T09:04:39","guid":{"rendered":"https:\/\/www.posaunenchor-trabelsdorf.de\/?page_id=346"},"modified":"2023-12-10T16:18:36","modified_gmt":"2023-12-10T16:18:36","slug":"aus-dem-gemeindebrief","status":"publish","type":"page","link":"https:\/\/www.posaunenchor-trabelsdorf.de\/?page_id=346","title":{"rendered":"Aus dem Gemeindebrief"},"content":{"rendered":"\n\n\n<h1 class=\"wp-block-heading has-text-align-center\"><strong>\u201cYellow submarine\u201d<\/strong> am Trabelsdorfer Badesee<\/h1>\n\n\n\n<p><strong><em>Serenade des Trabelsdorfer Posaunenchores lockte zahlreiche Besucher an den Badesee<\/em><\/strong><\/p>\n\n\n\n<p class=\"has-text-align-center\"><img loading=\"lazy\" decoding=\"async\" width=\"444\" height=\"250\" class=\"wp-image-647\" style=\"width: 444px;\" src=\"https:\/\/www.posaunenchor-trabelsdorf.de\/wp-content\/uploads\/2023\/12\/WhatsApp-Image-2023-07-09-at-18.35.19.jpg\" alt=\"\" srcset=\"https:\/\/www.posaunenchor-trabelsdorf.de\/wp-content\/uploads\/2023\/12\/WhatsApp-Image-2023-07-09-at-18.35.19.jpg 800w, https:\/\/www.posaunenchor-trabelsdorf.de\/wp-content\/uploads\/2023\/12\/WhatsApp-Image-2023-07-09-at-18.35.19-300x169.jpg 300w, https:\/\/www.posaunenchor-trabelsdorf.de\/wp-content\/uploads\/2023\/12\/WhatsApp-Image-2023-07-09-at-18.35.19-768x432.jpg 768w\" sizes=\"auto, (max-width: 444px) 100vw, 444px\" \/><\/p>\n\n\n\n<p class=\"has-text-align-left\">Nach insgesamt f\u00fcnf Jahren Unterbrechung u.a. aufgrund der Corona-Pandemie war es wieder soweit: Am Samstag, den 08.07. 2023 luden die Bl\u00e4serinnen und Bl\u00e4ser des Trabelsdorfer Posaunenchores unterst\u00fctzt durch Gastmusiker aus anderen Ch\u00f6ren des Dekanats und aus benachbarten Musikvereinen und Blaskapellen zur schon bekannten Serenade an den Badesee. Die musikalische Gesamt-Leitung lag in den bew\u00e4hrten H\u00e4nden des Trabelsdorfer Chorleiters Klaus Hirschlein.<\/p>\n\n\n\n<p class=\"has-text-align-center\"><img loading=\"lazy\" decoding=\"async\" width=\"400\" height=\"300\" class=\"wp-image-640\" style=\"width: 400px;\" src=\"https:\/\/www.posaunenchor-trabelsdorf.de\/wp-content\/uploads\/2023\/12\/P1030120.jpg\" alt=\"\" srcset=\"https:\/\/www.posaunenchor-trabelsdorf.de\/wp-content\/uploads\/2023\/12\/P1030120.jpg 800w, https:\/\/www.posaunenchor-trabelsdorf.de\/wp-content\/uploads\/2023\/12\/P1030120-300x225.jpg 300w, https:\/\/www.posaunenchor-trabelsdorf.de\/wp-content\/uploads\/2023\/12\/P1030120-768x576.jpg 768w\" sizes=\"auto, (max-width: 400px) 100vw, 400px\" \/><\/p>\n\n\n\n<p>Die Protagonisten auf der Seeb\u00fchne am Kurhaus-Weiher boten am Ende eines hei\u00dfen Sommertages Bl\u00e4sermusik aus verschiedenen Jahrhunderten, klassische Werke der PosChor-Literatur, aber auch bekannte Evergreens und pfiffige St\u00fccke aus dem Swing- und Jazzbereich f\u00fcr Posaunench\u00f6re.<\/p>\n\n\n\n<p class=\"has-text-align-center\"><img loading=\"lazy\" decoding=\"async\" width=\"500\" height=\"253\" class=\"wp-image-641\" style=\"width: 500px;\" src=\"https:\/\/www.posaunenchor-trabelsdorf.de\/wp-content\/uploads\/2023\/12\/DSC_1213.jpg\" alt=\"\" srcset=\"https:\/\/www.posaunenchor-trabelsdorf.de\/wp-content\/uploads\/2023\/12\/DSC_1213.jpg 800w, https:\/\/www.posaunenchor-trabelsdorf.de\/wp-content\/uploads\/2023\/12\/DSC_1213-300x152.jpg 300w, https:\/\/www.posaunenchor-trabelsdorf.de\/wp-content\/uploads\/2023\/12\/DSC_1213-768x389.jpg 768w\" sizes=\"auto, (max-width: 500px) 100vw, 500px\" \/><\/p>\n\n\n\n<p>Highlights des Abends waren zweifelsohne der Auftritt des Jagdhorn-Ensembles aus Dankenfeld mit seinem Leiter Berthold Graser sowie beim Beatles-Song \u201eYellow submarine\u201c die Fahrt eines eigens f\u00fcr diesen Anlass gebauten Miniatur-U-Bootes. Hierf\u00fcr wurde die Wasseroberfl\u00e4che auch noch in gelbes Licht getaucht und die Fahrt des \u201eYellow submarine\u201c fast originalgetreu inszeniert.<\/p>\n\n\n\n<p class=\"has-text-align-center\"><img loading=\"lazy\" decoding=\"async\" width=\"550\" height=\"353\" class=\"wp-image-642\" style=\"width: 550px;\" src=\"https:\/\/www.posaunenchor-trabelsdorf.de\/wp-content\/uploads\/2023\/12\/DSC_1236.jpg\" alt=\"\" srcset=\"https:\/\/www.posaunenchor-trabelsdorf.de\/wp-content\/uploads\/2023\/12\/DSC_1236.jpg 800w, https:\/\/www.posaunenchor-trabelsdorf.de\/wp-content\/uploads\/2023\/12\/DSC_1236-300x192.jpg 300w, https:\/\/www.posaunenchor-trabelsdorf.de\/wp-content\/uploads\/2023\/12\/DSC_1236-768x492.jpg 768w\" sizes=\"auto, (max-width: 550px) 100vw, 550px\" \/><\/p>\n\n\n\n<p>F\u00fcr die Interpretation des Simon &amp; Garfunkel-Songs \u201eBridge over troubled water\u201c hatte man mit der S\u00e4ngerin Verena Hirschlein gar eine Solistin von der Musikhochschule N\u00fcrnberg \u201ean Land gezogen\u201c.<\/p>\n\n\n\n<p class=\"has-text-align-center\"><img loading=\"lazy\" decoding=\"async\" width=\"450\" height=\"538\" class=\"wp-image-643\" style=\"width: 450px;\" src=\"https:\/\/www.posaunenchor-trabelsdorf.de\/wp-content\/uploads\/2023\/12\/DSC_1246.jpg\" alt=\"\" srcset=\"https:\/\/www.posaunenchor-trabelsdorf.de\/wp-content\/uploads\/2023\/12\/DSC_1246.jpg 800w, https:\/\/www.posaunenchor-trabelsdorf.de\/wp-content\/uploads\/2023\/12\/DSC_1246-251x300.jpg 251w, https:\/\/www.posaunenchor-trabelsdorf.de\/wp-content\/uploads\/2023\/12\/DSC_1246-768x918.jpg 768w\" sizes=\"auto, (max-width: 450px) 100vw, 450px\" \/><\/p>\n\n\n\n<p>Als Moderatorin f\u00fchrte Annika Hirschlein mit feinf\u00fchligen Kommentaren in gewohnt souver\u00e4ner Manier durch das Programm des Abends, das nach knapp 2 Stunden mit mehreren Zugaben f\u00fcr die anwesenden Konzertbesucher zu Ende ging.<\/p>\n\n\n\n<p class=\"has-text-align-center\"><img loading=\"lazy\" decoding=\"async\" width=\"550\" height=\"387\" class=\"wp-image-644\" style=\"width: 550px;\" src=\"https:\/\/www.posaunenchor-trabelsdorf.de\/wp-content\/uploads\/2023\/12\/DSC_1257.jpg\" alt=\"\" srcset=\"https:\/\/www.posaunenchor-trabelsdorf.de\/wp-content\/uploads\/2023\/12\/DSC_1257.jpg 800w, https:\/\/www.posaunenchor-trabelsdorf.de\/wp-content\/uploads\/2023\/12\/DSC_1257-300x211.jpg 300w, https:\/\/www.posaunenchor-trabelsdorf.de\/wp-content\/uploads\/2023\/12\/DSC_1257-768x540.jpg 768w\" sizes=\"auto, (max-width: 550px) 100vw, 550px\" \/><\/p>\n\n\n\n<p>So erlebten die Besucher einen klangvollen, abwechslungsreichen Sommerabend am Ufer des Trabelsdorfer Badesees. Der Gastgeber-Chor sowie seine musikalischen G\u00e4ste wurden mit langanhaltendem Applaus bedacht \u2013 ein verdienter Lohn f\u00fcr die monatelange Probenarbeit.<\/p>\n\n\n\n<p class=\"has-text-align-center\"><img loading=\"lazy\" decoding=\"async\" width=\"550\" height=\"413\" class=\"wp-image-645\" style=\"width: 550px;\" src=\"https:\/\/www.posaunenchor-trabelsdorf.de\/wp-content\/uploads\/2023\/12\/P1030191.jpg\" alt=\"\" srcset=\"https:\/\/www.posaunenchor-trabelsdorf.de\/wp-content\/uploads\/2023\/12\/P1030191.jpg 800w, https:\/\/www.posaunenchor-trabelsdorf.de\/wp-content\/uploads\/2023\/12\/P1030191-300x225.jpg 300w, https:\/\/www.posaunenchor-trabelsdorf.de\/wp-content\/uploads\/2023\/12\/P1030191-768x576.jpg 768w\" sizes=\"auto, (max-width: 550px) 100vw, 550px\" \/><\/p>\n\n\n\n<p>In Vorfreude auf das geplante 100j\u00e4hrige Jubil\u00e4um des Trabelsdorfer Posaunenchores lud man schon einmal die Zuh\u00f6rer und alle Musik-Begeisterten f\u00fcr den Sommer 2026 an den Badesee ein, wenn dann zum Auftakt des gro\u00dfen Jubil\u00e4ums einmal mehr PosChor-Musik in Klangf\u00fclle auf der Seeb\u00fchne erklingen soll.<\/p>\n\n\n\n<p class=\"has-text-align-center\"><img loading=\"lazy\" decoding=\"async\" width=\"550\" height=\"366\" class=\"wp-image-646\" style=\"width: 550px;\" src=\"https:\/\/www.posaunenchor-trabelsdorf.de\/wp-content\/uploads\/2023\/12\/IMG_7654.jpg\" alt=\"\" srcset=\"https:\/\/www.posaunenchor-trabelsdorf.de\/wp-content\/uploads\/2023\/12\/IMG_7654.jpg 800w, https:\/\/www.posaunenchor-trabelsdorf.de\/wp-content\/uploads\/2023\/12\/IMG_7654-300x200.jpg 300w, https:\/\/www.posaunenchor-trabelsdorf.de\/wp-content\/uploads\/2023\/12\/IMG_7654-768x512.jpg 768w\" sizes=\"auto, (max-width: 550px) 100vw, 550px\" \/><\/p>\n\n\n\n<p>K. Hirschlein<br><sub>(Fotos: privat)<\/sub><\/p>\n","protected":false},"excerpt":{"rendered":"<p>\u201cYellow submarine\u201d am Trabelsdorfer Badesee Serenade des Trabelsdorfer Posaunenchores lockte zahlreiche Besucher an den Badesee Nach insgesamt f\u00fcnf Jahren Unterbrechung u.a. aufgrund der Corona-Pandemie war es wieder soweit: Am Samstag, den 08.07. 2023 luden die Bl\u00e4serinnen und Bl\u00e4ser des Trabelsdorfer Posaunenchores unterst\u00fctzt durch Gastmusiker aus anderen Ch\u00f6ren des Dekanats und aus benachbarten Musikvereinen und Blaskapellen &hellip; <\/p>\n<p class=\"link-more\"><a href=\"https:\/\/www.posaunenchor-trabelsdorf.de\/?page_id=346\" class=\"more-link\"><span class=\"screen-reader-text\">\u201eAus dem Gemeindebrief\u201c <\/span>weiterlesen<\/a><\/p>\n","protected":false},"author":1,"featured_media":0,"parent":0,"menu_order":0,"comment_status":"closed","ping_status":"closed","template":"","meta":{"footnotes":""},"class_list":["post-346","page","type-page","status-publish","hentry"],"_links":{"self":[{"href":"https:\/\/www.posaunenchor-trabelsdorf.de\/index.php?rest_route=\/wp\/v2\/pages\/346","targetHints":{"allow":["GET"]}}],"collection":[{"href":"https:\/\/www.posaunenchor-trabelsdorf.de\/index.php?rest_route=\/wp\/v2\/pages"}],"about":[{"href":"https:\/\/www.posaunenchor-trabelsdorf.de\/index.php?rest_route=\/wp\/v2\/types\/page"}],"author":[{"embeddable":true,"href":"https:\/\/www.posaunenchor-trabelsdorf.de\/index.php?rest_route=\/wp\/v2\/users\/1"}],"replies":[{"embeddable":true,"href":"https:\/\/www.posaunenchor-trabelsdorf.de\/index.php?rest_route=%2Fwp%2Fv2%2Fcomments&post=346"}],"version-history":[{"count":3,"href":"https:\/\/www.posaunenchor-trabelsdorf.de\/index.php?rest_route=\/wp\/v2\/pages\/346\/revisions"}],"predecessor-version":[{"id":648,"href":"https:\/\/www.posaunenchor-trabelsdorf.de\/index.php?rest_route=\/wp\/v2\/pages\/346\/revisions\/648"}],"wp:attachment":[{"href":"https:\/\/www.posaunenchor-trabelsdorf.de\/index.php?rest_route=%2Fwp%2Fv2%2Fmedia&parent=346"}],"curies":[{"name":"wp","href":"https:\/\/api.w.org\/{rel}","templated":true}]}}