{"id":358,"date":"2019-05-26T09:41:12","date_gmt":"2019-05-26T09:41:12","guid":{"rendered":"https:\/\/www.posaunenchor-trabelsdorf.de\/?page_id=358"},"modified":"2019-05-26T09:41:13","modified_gmt":"2019-05-26T09:41:13","slug":"archiv","status":"publish","type":"page","link":"https:\/\/www.posaunenchor-trabelsdorf.de\/?page_id=358","title":{"rendered":"Archiv"},"content":{"rendered":"\n<h2 class=\"wp-block-heading\">2016: Deutscher evangelischer Posaunentag Dresden<\/h2>\n\n\n\n<p style=\"text-align: center;\"><img loading=\"lazy\" decoding=\"async\" class=\"alignnone size-full wp-image-120\" src=\"https:\/\/www.posaunenchor-trabelsdorf.de\/wp-content\/uploads\/2017\/12\/bannerimpress.jpg\" alt=\"\" width=\"800\" height=\"132\" srcset=\"https:\/\/www.posaunenchor-trabelsdorf.de\/wp-content\/uploads\/2017\/12\/bannerimpress.jpg 800w, https:\/\/www.posaunenchor-trabelsdorf.de\/wp-content\/uploads\/2017\/12\/bannerimpress-300x50.jpg 300w, https:\/\/www.posaunenchor-trabelsdorf.de\/wp-content\/uploads\/2017\/12\/bannerimpress-768x127.jpg 768w\" sizes=\"auto, (max-width: 767px) 89vw, (max-width: 1000px) 54vw, (max-width: 1071px) 543px, 580px\" \/><\/p>\n<p>Vom 03.06.2016 bis 05.06.2016 fand in Dresden der Deutsche evangelische Posaunentag unter dem Motto &#8222;Luft nach oben&#8220; statt. Der Posaunenchor Trabelsdorf war dabei! Mehr dazu hier: <a href=\"https:\/\/www.posaunenchor-trabelsdorf.de\/?p=119\">Deutscher evangelischer Posaunentag in Dresden<\/a><\/p>\n\n\n\n<h2 class=\"wp-block-heading\">2016: Jubil\u00e4um 90 Jahre Posaunenchor Trabelsdorf<\/h2>\n\n\n\n<p><img loading=\"lazy\" decoding=\"async\" class=\" wp-image-56\" src=\"https:\/\/www.posaunenchor-trabelsdorf.de\/wp-content\/uploads\/2017\/12\/ser3.jpg\" alt=\"\" width=\"245\" height=\"162\" srcset=\"https:\/\/www.posaunenchor-trabelsdorf.de\/wp-content\/uploads\/2017\/12\/ser3.jpg 750w, https:\/\/www.posaunenchor-trabelsdorf.de\/wp-content\/uploads\/2017\/12\/ser3-300x199.jpg 300w\" sizes=\"auto, (max-width: 245px) 100vw, 245px\" \/><\/p>\n<p>Am Wochendende 02.07.2016\/03.07.2016 feierte der Posaunenchor Trabelsdorf sein 90-j\u00e4hriges Bestehen mit einem grandiosen Fest. Mehr dazu hier: <a href=\"https:\/\/www.posaunenchor-trabelsdorf.de\/?p=126\">JUBIL\u00c4UM !! 90 Jahre Posaunenchor Trabelsdorf<\/a><\/p>\n\n\n\n<h2 class=\"wp-block-heading\">2018: CD-Einspielung<\/h2>\n\n\n\n<p style=\"text-align: center;\"><img loading=\"lazy\" decoding=\"async\" class=\"wp-image-148 alignleft\" src=\"https:\/\/www.posaunenchor-trabelsdorf.de\/wp-content\/uploads\/2017\/12\/CD-Einspielung-mit-dem-Bezirkschor-Lonnerstadt-221017-1comp-Small.jpg\" alt=\"\" width=\"171\" height=\"128\" srcset=\"https:\/\/www.posaunenchor-trabelsdorf.de\/wp-content\/uploads\/2017\/12\/CD-Einspielung-mit-dem-Bezirkschor-Lonnerstadt-221017-1comp-Small.jpg 640w, https:\/\/www.posaunenchor-trabelsdorf.de\/wp-content\/uploads\/2017\/12\/CD-Einspielung-mit-dem-Bezirkschor-Lonnerstadt-221017-1comp-Small-300x225.jpg 300w\" sizes=\"auto, (max-width: 171px) 100vw, 171px\" \/><\/p>\n<p>Aufgrund des Lutherjahres veranlasste die Regionalbisch\u00f6fin Frau Dr. Dorothea Greiner eine eigene CD aufzunehmen, die alle Ch\u00f6re aus dem Kirchenkreis Bayreuth mit allen unseren oberfr\u00e4nkischen Dekanatsposaunench\u00f6ren einspielen sollten. Mehr dazu hier: <a href=\"https:\/\/www.posaunenchor-trabelsdorf.de\/?page_id=333\">CD<\/a><\/p>\n","protected":false},"excerpt":{"rendered":"<p>2016: Deutscher evangelischer Posaunentag Dresden Vom 03.06.2016 bis 05.06.2016 fand in Dresden der Deutsche evangelische Posaunentag unter dem Motto &#8222;Luft nach oben&#8220; statt. Der Posaunenchor Trabelsdorf war dabei! Mehr dazu hier: Deutscher evangelischer Posaunentag in Dresden 2016: Jubil\u00e4um 90 Jahre Posaunenchor Trabelsdorf Am Wochendende 02.07.2016\/03.07.2016 feierte der Posaunenchor Trabelsdorf sein 90-j\u00e4hriges Bestehen mit einem grandiosen &hellip; <\/p>\n<p class=\"link-more\"><a href=\"https:\/\/www.posaunenchor-trabelsdorf.de\/?page_id=358\" class=\"more-link\"><span class=\"screen-reader-text\">\u201eArchiv\u201c <\/span>weiterlesen<\/a><\/p>\n","protected":false},"author":1,"featured_media":0,"parent":0,"menu_order":0,"comment_status":"closed","ping_status":"closed","template":"","meta":{"footnotes":""},"class_list":["post-358","page","type-page","status-publish","hentry"],"_links":{"self":[{"href":"https:\/\/www.posaunenchor-trabelsdorf.de\/index.php?rest_route=\/wp\/v2\/pages\/358","targetHints":{"allow":["GET"]}}],"collection":[{"href":"https:\/\/www.posaunenchor-trabelsdorf.de\/index.php?rest_route=\/wp\/v2\/pages"}],"about":[{"href":"https:\/\/www.posaunenchor-trabelsdorf.de\/index.php?rest_route=\/wp\/v2\/types\/page"}],"author":[{"embeddable":true,"href":"https:\/\/www.posaunenchor-trabelsdorf.de\/index.php?rest_route=\/wp\/v2\/users\/1"}],"replies":[{"embeddable":true,"href":"https:\/\/www.posaunenchor-trabelsdorf.de\/index.php?rest_route=%2Fwp%2Fv2%2Fcomments&post=358"}],"version-history":[{"count":2,"href":"https:\/\/www.posaunenchor-trabelsdorf.de\/index.php?rest_route=\/wp\/v2\/pages\/358\/revisions"}],"predecessor-version":[{"id":363,"href":"https:\/\/www.posaunenchor-trabelsdorf.de\/index.php?rest_route=\/wp\/v2\/pages\/358\/revisions\/363"}],"wp:attachment":[{"href":"https:\/\/www.posaunenchor-trabelsdorf.de\/index.php?rest_route=%2Fwp%2Fv2%2Fmedia&parent=358"}],"curies":[{"name":"wp","href":"https:\/\/api.w.org\/{rel}","templated":true}]}}